{"id":69,"date":"2020-04-21T09:34:49","date_gmt":"2020-04-21T07:34:49","guid":{"rendered":"http:\/\/voss.lunik-marketing.de\/?page_id=69"},"modified":"2021-09-24T18:13:26","modified_gmt":"2021-09-24T16:13:26","slug":"netzhaut-scan-screening","status":"publish","type":"page","link":"http:\/\/www.augenoptik-voss-wermelskirchen.de\/?page_id=69","title":{"rendered":"Netzhaut-Scan \/ Screening"},"content":{"rendered":"\n<p><span class=\"has-inline-color has-vivid-red-color\">Hintergrundbild: easy-scan Ger\u00e4t und mindestens ein Bild von einer Netzhautaufname<\/span> evtl. auch ein Auswertungsbogen von em.vision<\/p>\n\n\n\n<p>Ger\u00e4t: easy-scan<\/p>\n\n\n\n<p>Vorsorgeuntersuchung: Bet\u00e4ubungsmittellos, ber\u00fchrungslos, keine Erweiterung der Pupillen n\u00f6tig, nach nur 2min wieder Autofahr-Tauglich<\/p>\n\n\n\n<p>Auswertung: Telemedizin                  Ein Netzwerk von Augen\u00e4rzten anlaysiert die von uns erstellten Bilder und Daten. Diese erstellen eine individuelle Eingratifizierung des aktuellen Gesundheitszustandes und eine Risikoanalyse in Bezug auf die Wahrscheinlichkeit beeintr\u00e4chtigende Krankheiten bekommen zu k\u00f6nnen. Dies dient der Vorsorge, um im besten Falle erst gar keine Krankheiten entstehen zu lassen oder diese in der Fr\u00fcherkennungsphase behandeln zu k\u00f6nnen. Jeder wei\u00df, je fr\u00fcher eine sich entwickelde Krankheit erkannt wird, um so besser kann der Krankheitsverlauf positiv beeinflusst werden.  <\/p>\n\n\n\n<p><\/p>\n\n\n\n<p>Service: Speicherung der Daten. Alle von uns ermittelten Werte werden archiviert und regelm\u00e4\u00dfig mit aktuellen Werten verglichen(Entwicklungs-Historie). So wird die Ver\u00e4nderung\/Entwicklung Ihrer Augen \u00fcber Jahre hinweg beobachtet.<\/p>\n\n\n\n<p><strong>PRESSEMITTEILUNG<\/strong><\/p>\n\n\n\n<p>Jetzt neu bei Augenoptik Vo\u00df: Fru\u0308herkennung von Diabetes &amp; Co.<\/p>\n\n\n\n<p><strong>Schmerzlose Analyse der Augen-Netzhaut beim Optiker kann die Gesundheit schu\u0308tzen<\/strong><\/p>\n\n\n\n<p>Weil Vorsorge bekannterma\u00dfen besser ist als Nachsorge, gibt es in Wermelskirchen ab sofort ein neues Angebot, um gesundheitliche Risiken fru\u0308hzeitig zu erkennen. Eine einfache und v\u00f6llig schmerzlose Analyse der Augen-Netzhaut (Retina) kann Hinweise auf Ver\u00e4nderungen des Auges wie Gru\u0308ner Star (Glaukom) oder eine altersbedingte Makuladegeneration (AMD) geben. Aber auch das Risiko fu\u0308r andere Erkrankungen wie<br>Schlaganfall, Herzinfarkt, Herzschw\u00e4che oder Zuckerkrankheit (Diabetes mellitus) kann anhand des Gef\u00e4\u00dfzustandes der Netzhaut beurteilt werden. Sinnvoll ist das Screening fu\u0308r alle M\u00e4nner und Frauen ab 35 Jahren \u2013 und insbesondere dann, wenn<br>Risikofaktoren wie \u00dcbergewicht oder eine famili\u00e4re Veranlagung zu Bluthochduck oder erh\u00f6hten Blutfettwerten vorliegen. Neben einer deutschlandweit wachsenden Zahl an Gesundheitsdienstleistern und \u00c4rzten ist dieses telemedizinisch gestu\u0308tzte Netzhautscreening (epitop vision screening) erstmals auch in Wermelskirchen bei Augenoptik Vo\u00df verfu\u0308gbar.<\/p>\n\n\n\n<p>Im Volksmund gelten die Augen als \u201eSpiegel der Seele\u201c. Wissenschaftlich hingegen erwiesen ist, dass sie einen Spiegel der generellen Gesundheit des Menschen darstellen. Umso<br>wichtiger ist es das Auge, als Ganzes zu betrachten und nicht nur die optischen Eigenschaften. So geben z.B. die Blutgef\u00e4\u00dfe der Augen-Netzhaut (Retina) am Augenhintergrund den Zustand der Klein- und Kleinstgef\u00e4\u00dfe im ganzen K\u00f6rper wieder.<\/p>\n\n\n\n<p>Hochaufgel\u00f6ste Foto-Aufnahmen der Netzhaut erm\u00f6glichen es daher, Ru\u0308ckschlu\u0308sse auch auf den Zustand der Gef\u00e4\u00dfe des Herzens, des Gehirns und der Nieren zu ziehen. Bedrohliche Gef\u00e4\u00dfver\u00e4nderungen, wie sie etwa bei Diabetes mellitus oder Bluthochdruck entstehen, k\u00f6nnen \u00c4rzte daher bereits in einem Fru\u0308hstadium an der Netzhaut erkennen. Im Idealfall werden durch eine Beurteilung der Augenhintergrundgef\u00e4\u00dfe Ver\u00e4nderungen so<br>fru\u0308hzeitig festgestellt, dass mit entsprechenden weiteren \u00e4rztlichen Untersuchungen und therapeutischen Ma\u00dfnahmen Erkrankungen an den Organen selbst abgewendet werden<br>k\u00f6nnen. Gleichzeitig erlauben moderne Mess- und Bildgebende Verfahren eine detaillierte Betrachtung der vorderen Augenabschnitte, auch u\u0308ber die optischen Eigenschaften hinaus.<br>Kombiniert man die \u00e4rztliche Beurteilung der vorderen Augenabschnitte, die Analyse des Augenhintergrunds mit intelligenten Algorithmen werden Aussagen m\u00f6glich, die in dieser<br>detaillierten Form bislang nur sehr aufwendig m\u00f6glich waren. Neue digitale Technologien \u00e4ndern das und erm\u00f6glichen einen einfachen Zugang zu diesen wichtigen Gesundheitsinformationen fu\u0308r jeden.<\/p>\n\n\n\n<p><strong>So funktioniert die em.vision-Risikoanalyse<\/strong><\/p>\n\n\n\n<p>Auf genau diesem Prinzip beruht die em.vision-Risikoanalyse, die wissenschaftlich anerkannte Forschungsdaten nutzt, welche bei vielen Fragestellungen bereits als \u201eGoldstandard\u201c gelten. Die praxisnahe Vernetzung von Patienten mit Optikern und \u00c4rzten<br>erm\u00f6glicht die Technologie der epitop GmbH, einem der fu\u0308hrenden Telemedizin-Anbieter. Das Unternehmen macht mit der entsprechenden Plattform sowie seiner digitalen Patientenakte den Datenaustausch zwischen Optiker und Arzt m\u00f6glich. Dies unterstu\u0308tzt die vernetzten \u00c4rzte bei der Erbringung ihrer Leistung und schafft dadurch eine Entlastung fu\u0308r das Gesundheitssystem. Letzteres Potential bietet auch die Risikoanalyse selbst, da sie es<br>erm\u00f6glicht, sehr fru\u0308h Ver\u00e4nderungen an der Netzhaut zu erkennen, die Ru\u0308ckschlu\u0308sse auf viele Organsysteme zulassen. Erfassbar sind dabei einerseits Ver\u00e4nderungen, die das<br>Sehverm\u00f6gen direkt beeintr\u00e4chtigen (Gru\u0308ner Star, altersbedingte Makuladegeneration) sowie solche, die mit Schlaganfall, Herz- oder Nierenversagen in Verbindung gebracht werden.<\/p>\n\n\n\n<p>Hierfu\u0308r werden zun\u00e4chst Netzhautaufnahmen der Augen mit einer Hochleistungskamera fu\u0308r den Kunden v\u00f6llig beru\u0308hrungs- und schmerzfrei angefertigt. Die hochaufgel\u00f6sten Bilder werden direkt im Anschluss digital an das em.vision-\u00c4rztenetzwerk u\u0308bermittelt. Dieses stellt eines der gr\u00f6\u00dften medizinischen Expertennetzwerke Europas dar und unterstu\u0308tzt vernetzte \u00c4rzte bei der Beurteilung der Aufnahmen mithilfe von rund drei Millionen Referenzdaten<br>sowie solchen aus internationalen Studien. Je nach Ergebnis, das nach der Beurteilung der Netzhautaufnahme u\u0308bermittelt wird, erh\u00e4lt der Kunde anschlie\u00dfend eine individuelle Empfehlung, welche weiteren Untersuchungen z. B. beim Hausarzt sinnvoll sind. \u201eEs handelt sich hierbei um eine beru\u0308hrungs- und bet\u00e4ubungsmittellose Analyse, nach der man sofort wieder Auto fahren und arbeiten darf\u201c, so Herr Vo\u00df von Augenoptik Vo\u00df in Wermelskirchen, der das Screening jetzt anbietet.<\/p>\n\n\n\n<p><strong>Fu\u0308r wen lohnt sich der Blick ins eigene Innere?<\/strong><\/p>\n\n\n\n<p>Sinnvoll ist die em.vision-Risikoanalyse fu\u0308r M\u00e4nner und Frauen ab dem 35. Lebensjahr \u2013 bereits ab diesem Alter k\u00f6nnen sich auch ohne Vorliegen einer Erkrankung erste Ver\u00e4nderungen der Netzhautgef\u00e4\u00dfe entwickeln, die hinweisend auf sp\u00e4tere Risiken sein k\u00f6nnen. Insbesondere Menschen, deren BMI (Body Mass Index) u\u0308ber 25 kg\/m2 liegt, die an Diabetes mellitus oder Bluthochdruck (Hypertonus) leiden oder erh\u00f6hte Blutfettwerte<br>aufweisen, k\u00f6nnen von dieser Technologie zur Fru\u0308herkennung profitieren. Und dies gilt nicht nur dann, wenn man selbst betroffen ist \u2013 auch eine famili\u00e4re Vorbelastung mit den<br>genannten Erkrankungen rechtfertigt ein Netzhaut-Screening. Denn je fru\u0308her selbst minimale Ver\u00e4nderungen entdeckt werden, desto gr\u00f6\u00dfer ist die Chance, das Risiko fu\u0308r die Entstehung<br>der Erkrankung mit entsprechenden Ma\u00dfnahmen zu reduzieren.<br>Ein zus\u00e4tzlicher Nutzen fu\u0308r den Kunden: Der Optiker kann mithilfe des Screenings das gesamte Organ \u201eAuge\u201c und nicht nur die Sehst\u00e4rke betrachten. Diese M\u00f6glichkeit, kombiniert mit der \u00e4rztlichen Unterstu\u0308tzung, erm\u00f6glicht eine optimale Beratung und Dienstleitung bezu\u0308glich der n\u00f6tigen Sehhilfe.<\/p>\n\n\n\n<p>Erster Anbieter des epitop. Vision Screenings in Wermelskirchen<\/p>\n\n\n\n<p>Als erster Anbieter in Wermelskirchen hat <\/p>\n\n\n\n<p>Augenoptik Vo\u00df<br>Eich 18<br>42929 Wermelskirchen<br>02196-6208<br>http:\/\/www.augenoptik-voss-wermelskirchen.de\/<\/p>\n\n\n\n<p>das epitop vision screening in sein Leistungsspektrum aufgenommen. Ab sofort k\u00f6nnen sich Kunden unverbindlich informieren oder das Screening direkt in den Gesch\u00e4ftsr\u00e4umen von Augenoptik Vo\u00df durchfu\u0308hren lassen. Die Kosten der Leistung zur Fru\u0308herkennung werden von privaten Krankenkassen in der Regel u\u0308bernommen, von einigen gesetzlichen Krankenkassen bei individueller Anfrage ebenfalls.<\/p>\n\n\n\n<p>Weitere Informationen zum Netzhaut-Screening mit der em.vision-Risikoanalyse finden Sie unter www.fundusimaging.com.<\/p>\n","protected":false},"excerpt":{"rendered":"<p>Hintergrundbild: easy-scan Ger\u00e4t und mindestens ein Bild von einer Netzhautaufname evtl. auch ein Auswertungsbogen von em.vision Ger\u00e4t: easy-scan Vorsorgeuntersuchung: Bet\u00e4ubungsmittellos, ber\u00fchrungslos, keine Erweiterung der Pupillen n\u00f6tig, nach nur 2min wieder Autofahr-Tauglich Auswertung: Telemedizin Ein Netzwerk von Augen\u00e4rzten anlaysiert die von uns erstellten Bilder und Daten. Diese erstellen eine individuelle Eingratifizierung des aktuellen Gesundheitszustandes und eine&hellip; <a class=\"more-link\" href=\"http:\/\/www.augenoptik-voss-wermelskirchen.de\/?page_id=69\"><span class=\"screen-reader-text\">Netzhaut-Scan \/ Screening<\/span> weiterlesen<\/a><\/p>\n","protected":false},"author":1,"featured_media":0,"parent":0,"menu_order":0,"comment_status":"closed","ping_status":"closed","template":"","meta":[],"_links":{"self":[{"href":"http:\/\/www.augenoptik-voss-wermelskirchen.de\/index.php?rest_route=\/wp\/v2\/pages\/69"}],"collection":[{"href":"http:\/\/www.augenoptik-voss-wermelskirchen.de\/index.php?rest_route=\/wp\/v2\/pages"}],"about":[{"href":"http:\/\/www.augenoptik-voss-wermelskirchen.de\/index.php?rest_route=\/wp\/v2\/types\/page"}],"author":[{"embeddable":true,"href":"http:\/\/www.augenoptik-voss-wermelskirchen.de\/index.php?rest_route=\/wp\/v2\/users\/1"}],"replies":[{"embeddable":true,"href":"http:\/\/www.augenoptik-voss-wermelskirchen.de\/index.php?rest_route=%2Fwp%2Fv2%2Fcomments&post=69"}],"version-history":[{"count":7,"href":"http:\/\/www.augenoptik-voss-wermelskirchen.de\/index.php?rest_route=\/wp\/v2\/pages\/69\/revisions"}],"predecessor-version":[{"id":142,"href":"http:\/\/www.augenoptik-voss-wermelskirchen.de\/index.php?rest_route=\/wp\/v2\/pages\/69\/revisions\/142"}],"wp:attachment":[{"href":"http:\/\/www.augenoptik-voss-wermelskirchen.de\/index.php?rest_route=%2Fwp%2Fv2%2Fmedia&parent=69"}],"curies":[{"name":"wp","href":"https:\/\/api.w.org\/{rel}","templated":true}]}}